{"id":99,"date":"2015-12-15T10:13:51","date_gmt":"2015-12-15T10:13:51","guid":{"rendered":"http:\/\/erillcastell.ctfc.cat\/?page_id=99"},"modified":"2015-12-17T15:31:02","modified_gmt":"2015-12-17T15:31:02","slug":"humanitats","status":"publish","type":"page","link":"https:\/\/erillcastell.ctfc.cat\/?page_id=99","title":{"rendered":"La vall de Peranera i el seu entorn"},"content":{"rendered":"<p style=\"text-align: justify;\"><span style=\"line-height: 1.5em;\">En aquesta ribera conformada pel barranc de Peranera (o d&#8217;Erillcastell), el nostre centre d&#8217;inter\u00e8s no \u00e9s una o altra tem\u00e0tica, sin\u00f3 els indrets en si mateixos, on s&#8217;aplega el que en diuen tots aquells que han parlat sobre el territori o des del territori d&#8217;una manera rellevant: l&#8217;experi\u00e8ncia que la comunitat hi ha compartit secularment i all\u00f2 que, m\u00e9s recentment, n&#8217;han dit els qui parlen des de la ci\u00e8ncia acad\u00e8mica, en el nostre cas fil\u00f2legs, historiadors i ge\u00f2legs.<\/span><\/p>\n<p style=\"text-align: justify;\">Tanmateix, b\u00e9 caldr\u00e0 fer una m\u00ednima descripci\u00f3 que ens ha de permetre introduir-nos-hi.<\/p>\n<p style=\"text-align: justify;\">Aquesta vall se situa a la banda oriental de l&#8217;Alta Ribagor\u00e7a, ben propera al ve\u00ed Pallars Juss\u00e0. En la seua cap\u00e7alera, limita amb l&#8217;alta Vall de Bo\u00ed (concretament amb els termes de Sara\u00eds, Durro i Bo\u00ed) a trav\u00e9s del llarg coll que enlla\u00e7a els cims del <a href=\"https:\/\/erillcastell.ctfc.cat\/?page_id=12&amp;id=579&amp;x=0.8286041021347&amp;y=42.462105120232\">Corronco<\/a> i el <a href=\"https:\/\/erillcastell.ctfc.cat\/?page_id=12&amp;id=110&amp;x=0.8617&amp;y=42.455478\">Cap dels Vedats d&#8217;Erta<\/a>. Entre aquests cims, el pas m\u00e9s evident cap a la Vall de Bo\u00ed, a trav\u00e9s de Durro, \u00e9s el de <a href=\"https:\/\/erillcastell.ctfc.cat\/?page_id=12&amp;id=192&amp;x=0.84047555923462&amp;y=42.45903801365\">la Portella<\/a>. En aquest espai trobem les cap\u00e7aleres dels barrancs de <a href=\"https:\/\/erillcastell.ctfc.cat\/?page_id=12&amp;id=639&amp;x=0.82000494003296&amp;y=42.438074771246\">les Esplugues<\/a> i <a href=\"https:\/\/erillcastell.ctfc.cat\/?page_id=12&amp;id=91&amp;x=0.82959651947021&amp;y=42.442321126677\">la Font Grossa<\/a>, d&#8217;W a E, separades per l&#8217;elevaci\u00f3 dels <a href=\"https:\/\/erillcastell.ctfc.cat\/?page_id=12&amp;id=107&amp;x=0.825749&amp;y=42.454171\">Cataplans<\/a> i <a href=\"https:\/\/erillcastell.ctfc.cat\/?page_id=12&amp;id=108&amp;x=0.827728&amp;y=42.449706\">la Collada dels Ircs<\/a>. M\u00e9s avall, aquests dos barrancs conflueixen prop de l&#8217;ermita de <a href=\"https:\/\/erillcastell.ctfc.cat\/?page_id=12&amp;id=688&amp;x=0.82343280315399&amp;y=42.442674935403&amp;lleg=\">Santa Margarida<\/a> i formen el <a href=\"https:\/\/erillcastell.ctfc.cat\/?page_id=12&amp;id=129&amp;x=0.81534862518311&amp;y=42.425800736057\">Barranc de Peranera<\/a>, que discorre entremig de <a href=\"https:\/\/erillcastell.ctfc.cat\/?page_id=12&amp;id=407&amp;x=0.81462979316711&amp;y=42.42124685372\">Peranera<\/a> i <a href=\"https:\/\/erillcastell.ctfc.cat\/?page_id=12&amp;id=397&amp;x=0.80146551132202&amp;y=42.424121777934\">Erillcastell<\/a>, dos petits pobles que se situen cadascun al cap d&#8217;un tossal andes\u00edtic, de roca fosca, <a href=\"https:\/\/erillcastell.ctfc.cat\/?page_id=12&amp;id=490&amp;x=0.81583142280579&amp;y=42.421282494083\">la Pena<\/a> i el <a href=\"https:\/\/erillcastell.ctfc.cat\/?page_id=12&amp;id=47&amp;x=0.807373&amp;y=42.423203\">Tossal de Servent<\/a> respectivament, ben b\u00e9 com dos punts de guaita sobre la profunditat de la vall. Si ens situem a l&#8217;estret que trobem entre aquests dos tossals, en direcci\u00f3 a la cap\u00e7alera de la vall, el paisatge esdev\u00e9 for\u00e7a m\u00e9s obert per\u00f2 tamb\u00e9 m\u00e9s abrupte, i hi trobem tota una complexitat de prats de dall, bordes, i boscos; si per contra seguim la direcci\u00f3 de les aig\u00fces, deixa espai als prats de ribera de Malp\u00e0s i Gironella. Finalment, trav\u00e9s d&#8217;un petit estret, el riu conflueix amb el que baixa de Viu de Llevata per l&#8217;E.<\/p>\n<p style=\"text-align: justify;\">Tres s\u00f3n els aspectes que remarquem: l&#8217;element hum\u00e0, que inclou aspectes hist\u00f2rics i culturals, i l&#8217;element geol\u00f2gic que, al capdavall, tant ha incidit en la hist\u00f2ria recent d&#8217;aquests indrets.<\/p>\n","protected":false},"excerpt":{"rendered":"<p>En aquesta ribera conformada pel barranc de Peranera (o d&#8217;Erillcastell), el nostre centre d&#8217;inter\u00e8s no \u00e9s una o altra tem\u00e0tica, sin\u00f3 els indrets en si mateixos, on s&#8217;aplega el que en diuen tots aquells que han parlat sobre el territori o des del territori d&#8217;una manera rellevant: l&#8217;experi\u00e8ncia que la comunitat hi ha compartit secularment [&hellip;]<\/p>\n","protected":false},"author":1,"featured_media":0,"parent":35,"menu_order":0,"comment_status":"closed","ping_status":"closed","template":"","meta":[],"_links":{"self":[{"href":"https:\/\/erillcastell.ctfc.cat\/index.php?rest_route=\/wp\/v2\/pages\/99"}],"collection":[{"href":"https:\/\/erillcastell.ctfc.cat\/index.php?rest_route=\/wp\/v2\/pages"}],"about":[{"href":"https:\/\/erillcastell.ctfc.cat\/index.php?rest_route=\/wp\/v2\/types\/page"}],"author":[{"embeddable":true,"href":"https:\/\/erillcastell.ctfc.cat\/index.php?rest_route=\/wp\/v2\/users\/1"}],"replies":[{"embeddable":true,"href":"https:\/\/erillcastell.ctfc.cat\/index.php?rest_route=%2Fwp%2Fv2%2Fcomments&post=99"}],"version-history":[{"count":5,"href":"https:\/\/erillcastell.ctfc.cat\/index.php?rest_route=\/wp\/v2\/pages\/99\/revisions"}],"predecessor-version":[{"id":149,"href":"https:\/\/erillcastell.ctfc.cat\/index.php?rest_route=\/wp\/v2\/pages\/99\/revisions\/149"}],"up":[{"embeddable":true,"href":"https:\/\/erillcastell.ctfc.cat\/index.php?rest_route=\/wp\/v2\/pages\/35"}],"wp:attachment":[{"href":"https:\/\/erillcastell.ctfc.cat\/index.php?rest_route=%2Fwp%2Fv2%2Fmedia&parent=99"}],"curies":[{"name":"wp","href":"https:\/\/api.w.org\/{rel}","templated":true}]}}