{"id":40,"date":"2015-04-29T08:47:11","date_gmt":"2015-04-29T08:47:11","guid":{"rendered":"http:\/\/erillcastell.ctfc.cat\/?page_id=40"},"modified":"2016-01-27T09:24:16","modified_gmt":"2016-01-27T09:24:16","slug":"la-nostra-app","status":"publish","type":"page","link":"https:\/\/erillcastell.ctfc.cat\/?page_id=40","title":{"rendered":"L&#8217;aplicaci\u00f3 per a m\u00f2bil"},"content":{"rendered":"<p>Podeu descarregar l&#8217;aplicaci\u00f3 &#8220;<span style=\"color: #888888;\"><strong>In situ &#8211; Erillcastell<\/strong><\/span>&#8221; de forma gratuita des de la plataforma oficial de\u00a0<a href=\"https:\/\/play.google.com\/store\/apps\/details?id=com.ctfc.insitu\" target=\"_blank\">Google Play<\/a>.<\/p>\n<p style=\"text-align: center;\"><a href=\"https:\/\/play.google.com\/store\/apps\/details?id=com.ctfc.insitu\" target=\"_blank\"><img decoding=\"async\" loading=\"lazy\" class=\"size-full wp-image-172 alignleft\" alt=\"Google-Play[1]\" src=\"https:\/\/erillcastell.ctfc.cat\/wp-content\/uploads\/2015\/04\/Google-Play1.png\" width=\"200\" height=\"90\" \/><\/a><\/p>\n<p>&nbsp;<\/p>\n<p>&nbsp;<\/p>\n<p>&nbsp;<\/p>\n<p><img decoding=\"async\" loading=\"lazy\" class=\"size-medium wp-image-67 alignleft\" style=\"line-height: 1.5em;\" alt=\"splash\" src=\"https:\/\/erillcastell.ctfc.cat\/wp-content\/uploads\/2015\/04\/splash-153x300.png\" width=\"153\" height=\"300\" \/><\/p>\n<p><img decoding=\"async\" loading=\"lazy\" class=\"size-medium wp-image-164 alignleft\" alt=\"menu\" src=\"https:\/\/erillcastell.ctfc.cat\/wp-content\/uploads\/2015\/04\/menu-156x300.png\" width=\"156\" height=\"300\" srcset=\"https:\/\/erillcastell.ctfc.cat\/wp-content\/uploads\/2015\/04\/menu-156x300.png 156w, https:\/\/erillcastell.ctfc.cat\/wp-content\/uploads\/2015\/04\/menu.png 412w\" sizes=\"(max-width: 156px) 100vw, 156px\" \/><img decoding=\"async\" loading=\"lazy\" class=\"alignleft size-medium wp-image-163\" alt=\"mapa\" src=\"https:\/\/erillcastell.ctfc.cat\/wp-content\/uploads\/2015\/04\/mapa-156x300.png\" width=\"156\" height=\"300\" srcset=\"https:\/\/erillcastell.ctfc.cat\/wp-content\/uploads\/2015\/04\/mapa-156x300.png 156w, https:\/\/erillcastell.ctfc.cat\/wp-content\/uploads\/2015\/04\/mapa.png 412w\" sizes=\"(max-width: 156px) 100vw, 156px\" \/><\/p>\n<p>&nbsp;<\/p>\n<p>&nbsp;<\/p>\n<p>&nbsp;<\/p>\n<p><span style=\"color: #0000ee;\">\u00a0<\/span><\/p>\n<p>&nbsp;<\/p>\n<p>&nbsp;<\/p>\n<p>&nbsp;<\/p>\n<p><span style=\"line-height: 1.5em;\">\u00a0<\/span><\/p>\n<p><img decoding=\"async\" loading=\"lazy\" class=\"alignleft size-medium wp-image-161\" alt=\"llista\" src=\"https:\/\/erillcastell.ctfc.cat\/wp-content\/uploads\/2015\/04\/llista-156x300.png\" width=\"156\" height=\"300\" srcset=\"https:\/\/erillcastell.ctfc.cat\/wp-content\/uploads\/2015\/04\/llista-156x300.png 156w, https:\/\/erillcastell.ctfc.cat\/wp-content\/uploads\/2015\/04\/llista.png 412w\" sizes=\"(max-width: 156px) 100vw, 156px\" \/><img decoding=\"async\" loading=\"lazy\" class=\"alignleft size-medium wp-image-159\" alt=\"fitxaruta\" src=\"https:\/\/erillcastell.ctfc.cat\/wp-content\/uploads\/2015\/04\/fitxaruta-156x300.png\" width=\"156\" height=\"300\" srcset=\"https:\/\/erillcastell.ctfc.cat\/wp-content\/uploads\/2015\/04\/fitxaruta-156x300.png 156w, https:\/\/erillcastell.ctfc.cat\/wp-content\/uploads\/2015\/04\/fitxaruta.png 412w\" sizes=\"(max-width: 156px) 100vw, 156px\" \/><img decoding=\"async\" loading=\"lazy\" class=\"alignleft size-medium wp-image-158\" alt=\"detall\" src=\"https:\/\/erillcastell.ctfc.cat\/wp-content\/uploads\/2015\/04\/detall-156x300.png\" width=\"156\" height=\"300\" srcset=\"https:\/\/erillcastell.ctfc.cat\/wp-content\/uploads\/2015\/04\/detall-156x300.png 156w, https:\/\/erillcastell.ctfc.cat\/wp-content\/uploads\/2015\/04\/detall.png 412w\" sizes=\"(max-width: 156px) 100vw, 156px\" \/><\/p>\n","protected":false},"excerpt":{"rendered":"<p>Podeu descarregar l&#8217;aplicaci\u00f3 &#8220;In situ &#8211; Erillcastell&#8221; de forma gratuita des de la plataforma oficial de\u00a0Google Play. &nbsp; &nbsp; &nbsp; &nbsp; &nbsp; &nbsp; \u00a0 &nbsp; &nbsp; &nbsp; \u00a0<\/p>\n","protected":false},"author":1,"featured_media":0,"parent":0,"menu_order":0,"comment_status":"open","ping_status":"open","template":"","meta":[],"_links":{"self":[{"href":"https:\/\/erillcastell.ctfc.cat\/index.php?rest_route=\/wp\/v2\/pages\/40"}],"collection":[{"href":"https:\/\/erillcastell.ctfc.cat\/index.php?rest_route=\/wp\/v2\/pages"}],"about":[{"href":"https:\/\/erillcastell.ctfc.cat\/index.php?rest_route=\/wp\/v2\/types\/page"}],"author":[{"embeddable":true,"href":"https:\/\/erillcastell.ctfc.cat\/index.php?rest_route=\/wp\/v2\/users\/1"}],"replies":[{"embeddable":true,"href":"https:\/\/erillcastell.ctfc.cat\/index.php?rest_route=%2Fwp%2Fv2%2Fcomments&post=40"}],"version-history":[{"count":16,"href":"https:\/\/erillcastell.ctfc.cat\/index.php?rest_route=\/wp\/v2\/pages\/40\/revisions"}],"predecessor-version":[{"id":165,"href":"https:\/\/erillcastell.ctfc.cat\/index.php?rest_route=\/wp\/v2\/pages\/40\/revisions\/165"}],"wp:attachment":[{"href":"https:\/\/erillcastell.ctfc.cat\/index.php?rest_route=%2Fwp%2Fv2%2Fmedia&parent=40"}],"curies":[{"name":"wp","href":"https:\/\/api.w.org\/{rel}","templated":true}]}}