{"id":105,"date":"2015-12-15T10:20:46","date_gmt":"2015-12-15T10:20:46","guid":{"rendered":"http:\/\/erillcastell.ctfc.cat\/?page_id=105"},"modified":"2015-12-17T16:34:26","modified_gmt":"2015-12-17T16:34:26","slug":"humanitats-2","status":"publish","type":"page","link":"https:\/\/erillcastell.ctfc.cat\/?page_id=105","title":{"rendered":"Humanitats"},"content":{"rendered":"<p style=\"text-align: justify;\">L&#8217;element hum\u00e0 (aneu a <a href=\"https:\/\/erillcastell.ctfc.cat\/?page_id=12&amp;id=397&amp;x=0.80146551132202&amp;y=42.424121777934\">Erillcastell<\/a> per veure&#8217;n m\u00e9s)<\/p>\n<ul style=\"text-align: justify;\">\n<li>\n<h2><strong>Els llocs habitats i els deshabitats<\/strong><\/h2>\n<\/li>\n<\/ul>\n<p style=\"text-align: justify;\"><b><\/b>L&#8217;eix geogr\u00e0fic de la vall de Peranera cont\u00e9 els nuclis de Peranera, Erillcastell, Castellars, Malp\u00e0s i <a href=\"https:\/\/erillcastell.ctfc.cat\/?page_id=12&amp;id=675&amp;x=0.78979253768921&amp;y=42.394542569778\">Gironella<\/a>. A la vall adjacent cap a l&#8217;oest hi trobem Esperan i Raons, mentre que immediatament a l&#8217;est trobem la vall d&#8217;Erta, amb els nuclis d&#8217;<a href=\"https:\/\/erillcastell.ctfc.cat\/?page_id=12&amp;id=677&amp;x=0.843425989151&amp;y=42.425935367544&amp;lleg=\">Erta<\/a>, <a href=\"https:\/\/erillcastell.ctfc.cat\/?page_id=12&amp;id=676&amp;x=0.83777189254761&amp;y=42.41373024446&amp;lleg=\">Sas<\/a>, <a href=\"https:\/\/erillcastell.ctfc.cat\/?page_id=12&amp;id=610&amp;x=0.81586360931396&amp;y=42.399264771486\">Massivert<\/a> i l&#8217;<a href=\"https:\/\/erillcastell.ctfc.cat\/?page_id=12&amp;id=313&amp;x=0.817163&amp;y=42.403758\">Hostalet de Massivert<\/a>.<\/p>\n<p style=\"text-align: justify;\">En la nostra tasca de recull i difusi\u00f3, el punt de partida \u00e9s Erillcastell, i progressivament anem ampliant el focus cap a la resta de punts que hem anomenat. D&#8217;entrada ja hi hem incorporat Peranera, Castellars i Esperan.<\/p>\n<p style=\"text-align: justify;\"><a href=\"https:\/\/erillcastell.ctfc.cat\/?page_id=12&amp;id=397&amp;x=0.80146551132202&amp;y=42.424121777934\">Erillcastell<\/a> (http:\/\/ca.wikipedia.org\/wiki\/Erillcastell) \u00e9s especialment conegut perqu\u00e8, com diu el seu nom, els Erill hi tenien resid\u00e8ncia. Del castell no cal buscar-ne res; els seus materias devien ser reutilitzats per a va construir cases i corrals a la part alta del poble (ocupada avui per ca de Montgai i ca de Marco); el poble va quedar deshabitat cap a 1970.<\/p>\n<p style=\"text-align: justify;\">Tamb\u00e9 cap a 1970 es va abandonar el ve\u00ed <a href=\"https:\/\/erillcastell.ctfc.cat\/?page_id=12&amp;id=420&amp;x=0.7914662361145&amp;y=42.433893950486\">Esperan<\/a> (http:\/\/ca.wikipedia.org\/wiki\/Esperan), al cap de la petita vall de Raons que es troba a l&#8217;W d&#8217;Erillcastell.<\/p>\n<p style=\"text-align: justify;\">El mas de <a href=\"https:\/\/erillcastell.ctfc.cat\/?page_id=12&amp;id=449&amp;x=0.77976107597351&amp;y=42.420819167779\">Raons<\/a> (http:\/\/ca.wikipedia.org\/wiki\/Raons), una mica m\u00e9s avall, va quedar deshabitat cap a 1985.<\/p>\n<p style=\"text-align: justify;\">El poble de <a href=\"https:\/\/erillcastell.ctfc.cat\/?page_id=12&amp;id=407&amp;x=0.81462979316711&amp;y=42.42124685372\">Peranera<\/a> (adjacent a Erillcastell per llevant) (http:\/\/ca.wikipedia.org\/wiki\/Peranera) ja no t\u00e9 poblaci\u00f3 fixa (nom\u00e9s una casa hi \u00e9s habitada, a l&#8217;estiu, durant l&#8217;estada del bestiar transhumant a la muntanya).<\/p>\n<p style=\"text-align: justify;\">Al petit nucli de <a href=\"https:\/\/erillcastell.ctfc.cat\/?page_id=12&amp;id=555&amp;x=0.80937266349792&amp;y=42.414371844803\">Castellars<\/a> (http:\/\/ca.wikipedia.org\/wiki\/Castellars) hi ha una ocupaci\u00f3 fixa lligada a l&#8217;explotaci\u00f3 agr\u00e0ria i tur\u00edstica (ca de Servent i l&#8217;Abadia, respectivament).<\/p>\n<p style=\"text-align: justify;\">Una mica apartat d&#8217;aquest conjunt, el ve\u00ed poble de <a href=\"https:\/\/erillcastell.ctfc.cat\/?page_id=12&amp;id=674&amp;x=0.79298973083496&amp;y=42.407836719471\">Malp\u00e0s<\/a> (http:\/\/ca.wikipedia.org\/wiki\/Malp\u00e0s) t\u00e9 encara diverses cases habitades i tres explotacions ramaderes en actiu, a m\u00e9s d&#8217;algun negoci tur\u00edstic (cases rurals i un bar-restaurant obert en temporada d&#8217;estiu).<\/p>\n<p style=\"text-align: justify;\">Erillcastell \u00e9s, doncs, un nucli despoblat que, tot i que no es troba en un lloc remot ni inaccessible, ha esdevingut marginal en contrast amb la seua import\u00e0ncia hist\u00f2rica.<\/p>\n<p style=\"text-align: justify;\">En un esquema molt simple mostrem la zona, des de la cap\u00e7alera que es troba entre el Corronco i el Cap dels Vedats d&#8217;Erta. A mitja al\u00e7ada, i a banda i banda de la vall, els nuclis d&#8217;Erillcastell i Peranera. Indiquem tres \u00e0mbits que defineixen diferents formes de relaci\u00f3 entre la poblaci\u00f3 humana i el medi. En una posici\u00f3 interm\u00e8dia, Erillcastell i Peranera combinen l&#8217;\u00e0mbit de l&#8217;alta muntanya i el de la mitja muntanya, la qual cosa \u00e9s determinant en la successi\u00f3 dels cicles de l&#8217;any i en les formes d&#8217;aprofitament dels recursos. Castellars, i m\u00e9s encara Malp\u00e0s, estan privats de l&#8217;acc\u00e9s directe a l&#8217;alta muntanya, i per contra compten amb m\u00e9s extensi\u00f3 de terres a la part baixa de la vall.<\/p>\n<p><a href=\"https:\/\/erillcastell.ctfc.cat\/wp-content\/uploads\/2015\/04\/img_text_proj1.jpg\"><img decoding=\"async\" loading=\"lazy\" class=\"size-full wp-image-50 aligncenter\" alt=\"img_text_proj1\" src=\"https:\/\/erillcastell.ctfc.cat\/wp-content\/uploads\/2015\/04\/img_text_proj1.jpg\" width=\"420\" height=\"565\" srcset=\"https:\/\/erillcastell.ctfc.cat\/wp-content\/uploads\/2015\/04\/img_text_proj1.jpg 420w, https:\/\/erillcastell.ctfc.cat\/wp-content\/uploads\/2015\/04\/img_text_proj1-223x300.jpg 223w\" sizes=\"(max-width: 420px) 100vw, 420px\" \/><\/a><\/p>\n<ul style=\"text-align: justify;\">\n<li>\n<h2><strong>Els camins<\/strong><\/h2>\n<\/li>\n<\/ul>\n<p style=\"text-align: justify;\">Els camins que transiten per la vall segueixen trajectes al llarg de la part alta o mitjana de la muntanya, en paral\u00b7lel al trajecte del riu, o b\u00e9 hi descendeixen perpendicularment o d&#8217;esviaix, per\u00f2 rarament discorren prop del curs d&#8217;aigua; no hi ha camins per on puguem ascendir seguint el curs del Barranc de Peranera.<\/p>\n<p style=\"text-align: justify;\">Aquesta disposici\u00f3 dels camins respon a les estrat\u00e8gies de gesti\u00f3 dels recursos, que al seu torn expliquen la ubicaci\u00f3 dels pobles. Ho podem observar amb facilitat en els casos d&#8217;Erillcastell i Peranera.<\/p>\n<p><a href=\"https:\/\/erillcastell.ctfc.cat\/wp-content\/uploads\/2015\/04\/img_text_proj2.jpg\"><img decoding=\"async\" loading=\"lazy\" class=\"size-full wp-image-51 aligncenter\" alt=\"img_text_proj2\" src=\"https:\/\/erillcastell.ctfc.cat\/wp-content\/uploads\/2015\/04\/img_text_proj2.jpg\" width=\"930\" height=\"528\" srcset=\"https:\/\/erillcastell.ctfc.cat\/wp-content\/uploads\/2015\/04\/img_text_proj2.jpg 930w, https:\/\/erillcastell.ctfc.cat\/wp-content\/uploads\/2015\/04\/img_text_proj2-300x170.jpg 300w\" sizes=\"(max-width: 930px) 100vw, 930px\" \/><\/a><\/p>\n<p style=\"text-align: justify;\"><span style=\"line-height: 1.5em;\">A la imatge superior, observem com els pobles s&#8217;ubiquen en un llindar m\u00faltiple entre els boscos, les terres de conreu i prat, els matollars formats per boixos, i l&#8217;acc\u00e9s a l&#8217;alta muntanya. A l&#8217;esquerra d&#8217;Erillcastell, els prats de les Collades, a la dreta el Tossal de Servent, poblat d&#8217;alzines, al fons a l&#8217;esquerra, els boixos de la Solana i, al fons, els prats dels Planos i les pastures altes de Cod\u00f3 i Corronco. Altres zones de prat se situen al fons de la vall. Els camins, doncs, discorren per aquest entorn de mitja muntanya, en paral\u00b7lel al fons de la vall, o hi descendeixen de manera quasi directa per a accedir als prats de ribera o per travessar a l&#8217;altra banda. Aix\u00ed, entre Erillcastell i Peranera hi ha dos camins, un per cada banda del Tossal de Servent, i tots dos fan un descens molt directe fins al barranc per tornar a ascendir, tamb\u00e9 molt directament, per l&#8217;altra banda; no hi ha cap altre cam\u00ed que comuniqui un i altre vessants si no \u00e9s molt indirectament, per la part alta de la vall (puntualment, en la mesura que algunes terres que pertanyen a Erillcastell es troben al vessant de Peranera, tocant al barranc, hi ha dos passos que el travessen, per\u00f2 no tenen continu\u00eftat m\u00e9s enll\u00e0).<\/span><\/p>\n<p style=\"text-align: justify;\">Els camins s\u00f3n el millor mitj\u00e0 per con\u00e8ixer aquests indrets, perqu\u00e8 permeten accedir-hi al ritme just i combinar itineraris d&#8217;una llargada ideal per a sortides d&#8217;un dia o de mig dia. A m\u00e9s, com que la seua distribuci\u00f3 respon a les estrat\u00e8gies tradicionals de relaci\u00f3 amb l&#8217;entorn, ens hi connecten molt directament.<\/p>\n<p style=\"text-align: justify;\">Per fer aquests trajectes, cal que aneu amb calcer resistent, i \u00e9s sempre preferible dur pantalons llargs per protegir-se de les plantes espinoses que puntualment voregen els camins. Cal portar sempre aigua -un litre com a m\u00ednim per persona-, fins i tot a l&#8217;hivern.<\/p>\n<p style=\"text-align: justify;\">Des de la ve\u00efna vall d&#8217;Esperan, diversos camins connecten amb Erillcastell, com ara el que hi va <a href=\"https:\/\/erillcastell.ctfc.cat\/?page_id=26&amp;id=4\">a trav\u00e9s del serrat del Puio<\/a>, un cam\u00ed a mitja al\u00e7ada que permet contrastar l&#8217;ambient humit del bosc i del boixiguer amb la sequedat de la solana. El que puja <a href=\"https:\/\/erillcastell.ctfc.cat\/?page_id=26&amp;id=31\">des de la Borda de Mart\u00ed<\/a> \u00e9s ideal si volem ascendir des de les immediacions de Raons, i d\u00f3na acc\u00e9s a tot un sistema de conduccions d&#8217;aigua de reg que, sense les indicacions d&#8217;aquest web, seria quasi imperceptible despr\u00e9s que el bosc ha anat ocupant el terreny. Un altre cam\u00ed connecta aquest darrer amb el poble d&#8217;Esperan, <a href=\"https:\/\/erillcastell.ctfc.cat\/?page_id=26&amp;id=23\">directament per l&#8217;obaga<\/a>, ideal per a \u00e8poques de calor si ens volem endinsar en el bosc sense allunyar-nos del curs del barranc.<\/p>\n<p style=\"text-align: justify;\">Des d&#8217;Ig\u00fcerri, <a href=\"https:\/\/erillcastell.ctfc.cat\/?page_id=26&amp;id=22\">un cam\u00ed ens condueix a Esperan<\/a> i, un cop all\u00e0, podem triar entre les dos opcions anteriors: o b\u00e9 anar a Erillcastell, o b\u00e9 anar a la Borda de Mart\u00ed per l&#8217;obaga. Per\u00f2 encara, entre la Borda de Mart\u00ed i el cam\u00ed d&#8217;Ig\u00fcerri-Esperan, un altre connecta <a href=\"https:\/\/erillcastell.ctfc.cat\/?page_id=26&amp;id=26\">directament per la solana<\/a>. \u00c9s dir que comptem, nom\u00e9s per aquesta banda, amb un bon conjunt d&#8217;itineraris possibles, tots ells interessants.<\/p>\n<p style=\"text-align: justify;\"><a href=\"https:\/\/erillcastell.ctfc.cat\/?page_id=26&amp;id=2\">Entre Malp\u00e0s i Erillcastell<\/a>, un altre cam\u00ed ens porta per indrets for\u00e7a interessants, a trav\u00e9s de prats primer, despr\u00e9s per un paisatge roc\u00f3s de gran inter\u00e8s.<\/p>\n<p style=\"text-align: justify;\">Des d&#8217;Erillcastell, les possibilitats s\u00f3n m\u00faltiples: podem anar a Peranera, tot baixant al fons de la vall i ascendint per la banda oposada, <a href=\"https:\/\/erillcastell.ctfc.cat\/?page_id=26&amp;id=3\">per un ambient sec<\/a>, entre alzines en el descens, i per una zona molt m\u00e9s humida i obr\u00edvola quan ascendim a Peranera; tamb\u00e9 des d&#8217;Erillcastell podem prendre un altre itinerari cap a Peranera, ben diferent de l&#8217;anterior, amb un <a href=\"https:\/\/erillcastell.ctfc.cat\/?page_id=26&amp;id=8\">descens entre boixos i un ascens per la banda ombr\u00edvola del tur\u00f3<\/a> on s&#8217;assenta el poble; podem anar, des d&#8217;Erillcastell, <a href=\"https:\/\/erillcastell.ctfc.cat\/?page_id=26&amp;id=9\">cap a la Borda d&#8217;Amont<\/a>, seguint en gran mesura la pista de terra que sovint coincideix amb el tra\u00e7at de l&#8217;antic cam\u00ed; des d&#8217;aquest, una desviaci\u00f3 ens pot portar <a href=\"https:\/\/erillcastell.ctfc.cat\/?page_id=26&amp;id=19\">cap a les Girostes i la Borda del Mig<\/a>, travessant el barranc; o, directament des d&#8217;Erillcastell, podem prendre el <a href=\"https:\/\/erillcastell.ctfc.cat\/?page_id=26&amp;id=7\">cam\u00ed que baixa a la Borda d&#8217;Avall<\/a>, tocant al barranc.<\/p>\n<p style=\"text-align: justify;\">Sortint des de Castellars, o des de Peranera, a banda la versi\u00f3 inversa dels itineraris que connecten amb Erillcastell (que ja hem esmentat), un cam\u00ed en lleuger ascens ens condueix <a href=\"https:\/\/erillcastell.ctfc.cat\/?page_id=26&amp;id=6\">a Santa Margarida<\/a>. Aquest connecta amb el cam\u00ed de la Borda d&#8217;Amont, de manera que possibilita un itinerari circular molt interessant. Per la banda de Peranera, des d&#8217;aquest cam\u00ed un parell de desviacions ens porten als prats que se situen a mitja al\u00e7ada, cada cop m\u00e9s coberts de bosc.<\/p>\n<p style=\"text-align: justify;\"><a href=\"https:\/\/erillcastell.ctfc.cat\/?page_id=26&amp;id=34\">Un cam\u00ed que surt des d&#8217;aquest darrer<\/a> a la part alta, a l&#8217;indret anomenat <a href=\"https:\/\/erillcastell.ctfc.cat\/?page_id=12&amp;id=85&amp;x=0.81974752247618&amp;y=42.4458312711&amp;lleg=\">es Esplugues<\/a>, us permetr\u00e0 d&#8217;arribar fins a la <a href=\"https:\/\/erillcastell.ctfc.cat\/?page_id=12&amp;id=108&amp;x=0.82745173247145&amp;y=42.448506640714&amp;lleg=\">Collada dels Ircs<\/a> i a <a href=\"https:\/\/erillcastell.ctfc.cat\/?page_id=12&amp;id=130&amp;x=0.83090543746948&amp;y=42.448565186028&amp;lleg=\">Cantil\u00f3<\/a>, la raconada (o m\u00e9s ben dit la clotada) que forma el rac\u00f3 superior de la muntanya d&#8217;Erillcastell a tocar del curs alt del <a href=\"https:\/\/erillcastell.ctfc.cat\/?page_id=12&amp;id=91&amp;x=0.82959651947021&amp;y=42.442321126677&amp;lleg=\">Barranc de la Font Grossa<\/a>.<\/p>\n<p style=\"text-align: justify;\">Finalment, entre Erillcastell i Peranera podem fer un itinerari llarg, d&#8217;uns 14 km, que segueix <a href=\"https:\/\/erillcastell.ctfc.cat\/?page_id=26&amp;id=33\">tota la carena de la vall<\/a>, amb la possibilitat d&#8217;ascendir al Corronco i al Cap dels Vedats d&#8217;Erta (\u00f2bviament, aquests ascensos els podem dur a terme separadament -el Corronco des d&#8217;Erillcastell; el Cap dels Vedats des de Peranera-, si tornem a descendir pel mateix itinerari en cada cas).<\/p>\n<p style=\"text-align: justify;\"><a href=\"https:\/\/erillcastell.ctfc.cat\/?page_id=26&amp;id=24\">Entre Malp\u00e0s i Castellars<\/a>, un altre cam\u00ed permet completar rutes circulars de m\u00e9s o menys llargada.<\/p>\n<ul style=\"text-align: justify;\">\n<li>\n<h2><strong>La llengua<\/strong><\/h2>\n<\/li>\n<\/ul>\n<p style=\"text-align: justify;\"><span style=\"line-height: 1.5em;\">La parla de la vall de Peranera \u00e9s el catal\u00e0 alt-ribagor\u00e7\u00e0 amb els trets t\u00edpics de la seua variant oriental. Podeu seguir les observacions a partir del descriptor <\/span><a style=\"line-height: 1.5em;\" href=\"https:\/\/erillcastell.ctfc.cat\/?page_id=12&amp;id=397&amp;x=0.80146551132202&amp;y=42.424121777934\">d&#8217;Erillcastell<\/a><span style=\"line-height: 1.5em;\">.<\/span><\/p>\n<ul style=\"text-align: justify;\">\n<li>\n<h2><strong>Els indrets religiosos<\/strong><\/h2>\n<\/li>\n<\/ul>\n<p style=\"text-align: justify;\"><span style=\"line-height: 1.5em;\">A la vall i llocs ve\u00efns trobem diverses esgl\u00e9sies, ermites i pilarets. Les esgl\u00e9sies, evidentment, les trobem dins dels nuclis de poblaci\u00f3, mentre que les ermites ocupen llocs elevats i els pilarets se situen a tocar dels camins, generalment en cru\u00eflles. Podem partir des de l&#8217;esgl\u00e9sia de <\/span><a style=\"line-height: 1.5em;\" href=\"https:\/\/erillcastell.ctfc.cat\/?page_id=12&amp;id=598&amp;x=0.8011382818222&amp;y=42.424099998701\">Sta. Maria d&#8217;Erillcastell<\/a><span style=\"line-height: 1.5em;\">.<\/span><\/p>\n<ul style=\"text-align: justify;\">\n<li>\n<h2><strong>Els indrets de la ramaderia<\/strong><\/h2>\n<\/li>\n<\/ul>\n<p style=\"text-align: justify;\"><b><\/b>Podeu partir de les observacions al descriptor d&#8217;<a href=\"https:\/\/erillcastell.ctfc.cat\/?page_id=12&amp;id=397&amp;x=0.80146551132202&amp;y=42.424121777934\">Erillcastell<\/a>.<\/p>\n<ul style=\"text-align: justify;\">\n<li>\n<h2><strong>Els usos agraris de l&#8217;espai<\/strong><\/h2>\n<\/li>\n<\/ul>\n<p style=\"text-align: justify;\"><span style=\"line-height: 1.5em;\">Podeu partir de les observacions al descriptor d&#8217;<\/span><a style=\"line-height: 1.5em;\" href=\"https:\/\/erillcastell.ctfc.cat\/?page_id=12&amp;id=397&amp;x=0.80146551132202&amp;y=42.424121777934\">Erillcastell<\/a><span style=\"line-height: 1.5em;\">.<\/span><\/p>\n","protected":false},"excerpt":{"rendered":"<p>L&#8217;element hum\u00e0 (aneu a Erillcastell per veure&#8217;n m\u00e9s) Els llocs habitats i els deshabitats L&#8217;eix geogr\u00e0fic de la vall de Peranera cont\u00e9 els nuclis de Peranera, Erillcastell, Castellars, Malp\u00e0s i Gironella. A la vall adjacent cap a l&#8217;oest hi trobem Esperan i Raons, mentre que immediatament a l&#8217;est trobem la vall d&#8217;Erta, amb els nuclis [&hellip;]<\/p>\n","protected":false},"author":1,"featured_media":0,"parent":35,"menu_order":0,"comment_status":"closed","ping_status":"closed","template":"","meta":[],"_links":{"self":[{"href":"https:\/\/erillcastell.ctfc.cat\/index.php?rest_route=\/wp\/v2\/pages\/105"}],"collection":[{"href":"https:\/\/erillcastell.ctfc.cat\/index.php?rest_route=\/wp\/v2\/pages"}],"about":[{"href":"https:\/\/erillcastell.ctfc.cat\/index.php?rest_route=\/wp\/v2\/types\/page"}],"author":[{"embeddable":true,"href":"https:\/\/erillcastell.ctfc.cat\/index.php?rest_route=\/wp\/v2\/users\/1"}],"replies":[{"embeddable":true,"href":"https:\/\/erillcastell.ctfc.cat\/index.php?rest_route=%2Fwp%2Fv2%2Fcomments&post=105"}],"version-history":[{"count":19,"href":"https:\/\/erillcastell.ctfc.cat\/index.php?rest_route=\/wp\/v2\/pages\/105\/revisions"}],"predecessor-version":[{"id":155,"href":"https:\/\/erillcastell.ctfc.cat\/index.php?rest_route=\/wp\/v2\/pages\/105\/revisions\/155"}],"up":[{"embeddable":true,"href":"https:\/\/erillcastell.ctfc.cat\/index.php?rest_route=\/wp\/v2\/pages\/35"}],"wp:attachment":[{"href":"https:\/\/erillcastell.ctfc.cat\/index.php?rest_route=%2Fwp%2Fv2%2Fmedia&parent=105"}],"curies":[{"name":"wp","href":"https:\/\/api.w.org\/{rel}","templated":true}]}}